{"id":20,"date":"2022-01-12T09:33:09","date_gmt":"2022-01-12T09:33:09","guid":{"rendered":"https:\/\/physio-fritsch.at\/?page_id=20"},"modified":"2025-09-13T12:31:53","modified_gmt":"2025-09-13T12:31:53","slug":"ueber-mich","status":"publish","type":"page","link":"https:\/\/physio-fritsch.at\/index.php\/ueber-mich\/","title":{"rendered":"\u00dcber mich"},"content":{"rendered":"\n<figure class=\"wp-block-image size-large is-style-default\"><img loading=\"lazy\" decoding=\"async\" width=\"1024\" height=\"576\" src=\"https:\/\/physio-fritsch.at\/wp-content\/uploads\/2022\/02\/Daniel_Fritsch_neu_-1024x576.jpg\" alt=\"\" class=\"wp-image-145\" srcset=\"https:\/\/physio-fritsch.at\/wp-content\/uploads\/2022\/02\/Daniel_Fritsch_neu_-1024x576.jpg 1024w, https:\/\/physio-fritsch.at\/wp-content\/uploads\/2022\/02\/Daniel_Fritsch_neu_-300x169.jpg 300w, https:\/\/physio-fritsch.at\/wp-content\/uploads\/2022\/02\/Daniel_Fritsch_neu_-768x432.jpg 768w, https:\/\/physio-fritsch.at\/wp-content\/uploads\/2022\/02\/Daniel_Fritsch_neu_-1536x864.jpg 1536w, https:\/\/physio-fritsch.at\/wp-content\/uploads\/2022\/02\/Daniel_Fritsch_neu_-676x380.jpg 676w, https:\/\/physio-fritsch.at\/wp-content\/uploads\/2022\/02\/Daniel_Fritsch_neu_.jpg 1930w\" sizes=\"auto, (max-width: 1024px) 100vw, 1024px\" \/><\/figure>\n\n\n\n<h2 class=\"wp-block-heading\" id=\"hier-mochte-ich-mich-ihnen-kurz-vorstellen\">Hier m\u00f6chte ich mich Ihnen kurz vorstellen:<\/h2>\n\n\n\n<p>Daniel Fritsch, 48 Jahre alt<\/p>\n\n\n\n<p>Staatlich anerkannter Physiotherapeut<\/p>\n\n\n\n<p><strong>Beruflicher Werdegang<\/strong><\/p>\n\n\n\n<p>2012-2015<\/p>\n\n\n\n<p>Sebastian-Kneipp-Schule, Berufsfachschule f\u00fcr Physiotherapie in Bad W\u00f6rishofen,<\/p>\n\n\n\n<p>2015-2021<\/p>\n\n\n\n<p>Als selbstst\u00e4ndiger Physiotherapeut in der Gemeinschaftspraxis Elbigenalp<\/p>\n\n\n\n<p>ab 2022 in der eigenen Praxis<\/p>\n\n\n\n<p><strong>Fortbildungen und Zusatzqualifikationen<\/strong><\/p>\n\n\n\n<p>Manuelle Therapie \u2013 Maitland Konzept Level 1, Level 2a, Level 2b<\/p>\n\n\n\n<p>Zertifikat Manuelle Therapie<\/p>\n\n\n\n<p>Manuelle Lymphdrainage \/ Komplexe Physikalische Entstauungstherapie nach den Richtlinien von Lymphologic\u00ae, medizinische Weiterbildungs GmbH<\/p>\n\n\n\n<p>Zertifikat Manuelle Lymphdrainage<\/p>\n\n\n\n<p>Faszientherapie nach Typaldos Methode, Modul 1-3, nach den Richtlinien der European FDM Association (EFDMA)<\/p>\n\n\n\n<p>Redcord Neurac 1, Neurac 2 + Stimula<\/p>\n\n\n\n<p>Taping K-Active Masterclass Modul 1<\/p>\n\n\n\n<p>Akupunkt Meridian Massage &amp; Traditionelle Chinesische Medizin, AMM &amp; TCM 1<\/p>\n\n\n\n<p>DOSB-Trainer B Breitensport, Kraft &amp; Fitness (Deutscher Olympischer Sportbund)<\/p>\n\n\n\n<p>DOSB-Trainer C Leistungssport, Gewichtheben (Deutscher Olympischer Sportbund)<\/p>\n","protected":false},"excerpt":{"rendered":"<p>Hier m\u00f6chte ich mich Ihnen kurz vorstellen: Daniel Fritsch, 48 Jahre alt Staatlich anerkannter Physiotherapeut Beruflicher Werdegang 2012-2015 Sebastian-Kneipp-Schule, Berufsfachschule f\u00fcr Physiotherapie in Bad W\u00f6rishofen, 2015-2021 Als selbstst\u00e4ndiger Physiotherapeut in der Gemeinschaftspraxis Elbigenalp ab 2022 in der eigenen Praxis Fortbildungen und Zusatzqualifikationen Manuelle Therapie \u2013 Maitland Konzept Level 1, Level 2a, Level 2b Zertifikat Manuelle [&hellip;]<\/p>\n","protected":false},"author":1,"featured_media":0,"parent":0,"menu_order":0,"comment_status":"closed","ping_status":"closed","template":"","meta":{"footnotes":""},"class_list":["post-20","page","type-page","status-publish","hentry","post-preview"],"_links":{"self":[{"href":"https:\/\/physio-fritsch.at\/index.php\/wp-json\/wp\/v2\/pages\/20","targetHints":{"allow":["GET"]}}],"collection":[{"href":"https:\/\/physio-fritsch.at\/index.php\/wp-json\/wp\/v2\/pages"}],"about":[{"href":"https:\/\/physio-fritsch.at\/index.php\/wp-json\/wp\/v2\/types\/page"}],"author":[{"embeddable":true,"href":"https:\/\/physio-fritsch.at\/index.php\/wp-json\/wp\/v2\/users\/1"}],"replies":[{"embeddable":true,"href":"https:\/\/physio-fritsch.at\/index.php\/wp-json\/wp\/v2\/comments?post=20"}],"version-history":[{"count":9,"href":"https:\/\/physio-fritsch.at\/index.php\/wp-json\/wp\/v2\/pages\/20\/revisions"}],"predecessor-version":[{"id":232,"href":"https:\/\/physio-fritsch.at\/index.php\/wp-json\/wp\/v2\/pages\/20\/revisions\/232"}],"wp:attachment":[{"href":"https:\/\/physio-fritsch.at\/index.php\/wp-json\/wp\/v2\/media?parent=20"}],"curies":[{"name":"wp","href":"https:\/\/api.w.org\/{rel}","templated":true}]}}