{"id":11,"date":"2022-01-12T09:28:04","date_gmt":"2022-01-12T09:28:04","guid":{"rendered":"https:\/\/physio-fritsch.at\/?page_id=11"},"modified":"2023-11-12T10:00:09","modified_gmt":"2023-11-12T10:00:09","slug":"gemeinsam-fuer-ihre-gesundheit","status":"publish","type":"page","link":"https:\/\/physio-fritsch.at\/","title":{"rendered":"Gemeinsam f\u00fcr Ihre Gesundheit"},"content":{"rendered":"\n<figure class=\"wp-block-gallery has-nested-images columns-default is-cropped wp-block-gallery-1 is-layout-flex wp-block-gallery-is-layout-flex\">\n<figure class=\"wp-block-image size-full\"><img loading=\"lazy\" decoding=\"async\" width=\"2560\" height=\"1861\" data-id=\"207\" src=\"https:\/\/physio-fritsch.at\/wp-content\/uploads\/2023\/11\/P1070344_02-scaled.jpg\" alt=\"\" class=\"wp-image-207\" srcset=\"https:\/\/physio-fritsch.at\/wp-content\/uploads\/2023\/11\/P1070344_02-scaled.jpg 2560w, https:\/\/physio-fritsch.at\/wp-content\/uploads\/2023\/11\/P1070344_02-300x218.jpg 300w, https:\/\/physio-fritsch.at\/wp-content\/uploads\/2023\/11\/P1070344_02-1024x745.jpg 1024w, https:\/\/physio-fritsch.at\/wp-content\/uploads\/2023\/11\/P1070344_02-768x558.jpg 768w, https:\/\/physio-fritsch.at\/wp-content\/uploads\/2023\/11\/P1070344_02-1536x1117.jpg 1536w, https:\/\/physio-fritsch.at\/wp-content\/uploads\/2023\/11\/P1070344_02-2048x1489.jpg 2048w, https:\/\/physio-fritsch.at\/wp-content\/uploads\/2023\/11\/P1070344_02-676x491.jpg 676w\" sizes=\"auto, (max-width: 2560px) 100vw, 2560px\" \/><\/figure>\n\n\n\n<figure class=\"wp-block-image size-large\"><img loading=\"lazy\" decoding=\"async\" width=\"1930\" height=\"1086\" data-id=\"145\" src=\"https:\/\/physio-fritsch.at\/wp-content\/uploads\/2022\/02\/Daniel_Fritsch_neu_.jpg\" alt=\"\" class=\"wp-image-145\" srcset=\"https:\/\/physio-fritsch.at\/wp-content\/uploads\/2022\/02\/Daniel_Fritsch_neu_.jpg 1930w, https:\/\/physio-fritsch.at\/wp-content\/uploads\/2022\/02\/Daniel_Fritsch_neu_-300x169.jpg 300w, https:\/\/physio-fritsch.at\/wp-content\/uploads\/2022\/02\/Daniel_Fritsch_neu_-1024x576.jpg 1024w, https:\/\/physio-fritsch.at\/wp-content\/uploads\/2022\/02\/Daniel_Fritsch_neu_-768x432.jpg 768w, https:\/\/physio-fritsch.at\/wp-content\/uploads\/2022\/02\/Daniel_Fritsch_neu_-1536x864.jpg 1536w, https:\/\/physio-fritsch.at\/wp-content\/uploads\/2022\/02\/Daniel_Fritsch_neu_-676x380.jpg 676w\" sizes=\"auto, (max-width: 1930px) 100vw, 1930px\" \/><\/figure>\n\n\n\n<figure class=\"wp-block-image size-large\"><img loading=\"lazy\" decoding=\"async\" width=\"1600\" height=\"900\" data-id=\"149\" src=\"https:\/\/physio-fritsch.at\/wp-content\/uploads\/2022\/02\/Knie_2_Fritsch-1.jpg\" alt=\"\" class=\"wp-image-149\" srcset=\"https:\/\/physio-fritsch.at\/wp-content\/uploads\/2022\/02\/Knie_2_Fritsch-1.jpg 1600w, https:\/\/physio-fritsch.at\/wp-content\/uploads\/2022\/02\/Knie_2_Fritsch-1-300x169.jpg 300w, https:\/\/physio-fritsch.at\/wp-content\/uploads\/2022\/02\/Knie_2_Fritsch-1-1024x576.jpg 1024w, https:\/\/physio-fritsch.at\/wp-content\/uploads\/2022\/02\/Knie_2_Fritsch-1-768x432.jpg 768w, https:\/\/physio-fritsch.at\/wp-content\/uploads\/2022\/02\/Knie_2_Fritsch-1-1536x864.jpg 1536w, https:\/\/physio-fritsch.at\/wp-content\/uploads\/2022\/02\/Knie_2_Fritsch-1-676x380.jpg 676w\" sizes=\"auto, (max-width: 1600px) 100vw, 1600px\" \/><\/figure>\n\n\n\n<figure class=\"wp-block-image size-large\"><img loading=\"lazy\" decoding=\"async\" width=\"2560\" height=\"1811\" data-id=\"102\" src=\"https:\/\/physio-fritsch.at\/wp-content\/uploads\/2022\/01\/Physiotherapie-Fritsch-Logo_Zeichenflaeche-1-1-scaled.jpg\" alt=\"\" class=\"wp-image-102\" srcset=\"https:\/\/physio-fritsch.at\/wp-content\/uploads\/2022\/01\/Physiotherapie-Fritsch-Logo_Zeichenflaeche-1-1-scaled.jpg 2560w, https:\/\/physio-fritsch.at\/wp-content\/uploads\/2022\/01\/Physiotherapie-Fritsch-Logo_Zeichenflaeche-1-1-300x212.jpg 300w, https:\/\/physio-fritsch.at\/wp-content\/uploads\/2022\/01\/Physiotherapie-Fritsch-Logo_Zeichenflaeche-1-1-1024x724.jpg 1024w, https:\/\/physio-fritsch.at\/wp-content\/uploads\/2022\/01\/Physiotherapie-Fritsch-Logo_Zeichenflaeche-1-1-768x543.jpg 768w, https:\/\/physio-fritsch.at\/wp-content\/uploads\/2022\/01\/Physiotherapie-Fritsch-Logo_Zeichenflaeche-1-1-1536x1086.jpg 1536w, https:\/\/physio-fritsch.at\/wp-content\/uploads\/2022\/01\/Physiotherapie-Fritsch-Logo_Zeichenflaeche-1-1-2048x1448.jpg 2048w, https:\/\/physio-fritsch.at\/wp-content\/uploads\/2022\/01\/Physiotherapie-Fritsch-Logo_Zeichenflaeche-1-1-676x478.jpg 676w\" sizes=\"auto, (max-width: 2560px) 100vw, 2560px\" \/><\/figure>\n\n\n\n<figure class=\"wp-block-image size-large\"><img loading=\"lazy\" decoding=\"async\" width=\"1024\" height=\"576\" data-id=\"167\" src=\"https:\/\/physio-fritsch.at\/wp-content\/uploads\/2022\/02\/Schild_Fritsch_neu_-1-1024x576.jpg\" alt=\"\" class=\"wp-image-167\" srcset=\"https:\/\/physio-fritsch.at\/wp-content\/uploads\/2022\/02\/Schild_Fritsch_neu_-1-1024x576.jpg 1024w, https:\/\/physio-fritsch.at\/wp-content\/uploads\/2022\/02\/Schild_Fritsch_neu_-1-300x169.jpg 300w, https:\/\/physio-fritsch.at\/wp-content\/uploads\/2022\/02\/Schild_Fritsch_neu_-1-768x432.jpg 768w, https:\/\/physio-fritsch.at\/wp-content\/uploads\/2022\/02\/Schild_Fritsch_neu_-1-1536x864.jpg 1536w, https:\/\/physio-fritsch.at\/wp-content\/uploads\/2022\/02\/Schild_Fritsch_neu_-1-676x380.jpg 676w, https:\/\/physio-fritsch.at\/wp-content\/uploads\/2022\/02\/Schild_Fritsch_neu_-1.jpg 1930w\" sizes=\"auto, (max-width: 1024px) 100vw, 1024px\" \/><\/figure>\n<\/figure>\n\n\n\n<p>Nichts ist so wichtig wie Ihre Gesundheit. Als ehemaliger Leistungssportler wei\u00df ich, wie wichtig ein gesunder K\u00f6rper ist. Gemeinsam mit Ihnen m\u00f6chte ich daran arbeiten, dass Sie wieder einen gesunden Zustand erreichen, diesen stabilisieren und so an Lebensvitalit\u00e4t und -qualit\u00e4t gewinnen. <\/p>\n\n\n\n<p>Sie f\u00fchlen sich k\u00f6rperlich nicht mehr fit? Sie haben unspezifische Schmerzen im R\u00fccken? W\u00e4rmepflaster etc. helfen nur vor\u00fcbergehend? Ich nehme mir Zeit f\u00fcr Sie! Die Basis meiner therapeutischen Behandlung bildet in besonderer Weise das ausf\u00fchrliche Anamnesegespr\u00e4ch und die funktionelle Untersuchung. Ziel ist es, Ursachen und beitragende Faktoren f\u00fcr die momentanen Probleme zu ergr\u00fcnden. Dabei werden neben strukturellen Ursachen (z. B. Muskelverk\u00fcrzungen), funktionellen Defiziten (z. B. mangelnde Haltungs- und Bewegungskontrolle) auch Alltagsaktivit\u00e4ten (z. B. Heben, Tragen) analysiert. Ebenso werden sogenannte Kontextfaktoren (Beruf, Freizeit, pers\u00f6nliche Situation) ber\u00fccksichtigt. <\/p>\n\n\n\n<p> <strong>Gehen wir es an! <\/strong><br><strong>Vereinbaren Sie jetzt Ihren Termin unter Telefon 0660 703 0048! <\/strong><\/p>\n\n\n\n<figure class=\"wp-block-gallery has-nested-images columns-default is-cropped wp-block-gallery-2 is-layout-flex wp-block-gallery-is-layout-flex\">\n<figure class=\"wp-block-image size-large\"><img loading=\"lazy\" decoding=\"async\" width=\"942\" height=\"1024\" data-id=\"209\" src=\"https:\/\/physio-fritsch.at\/wp-content\/uploads\/2023\/11\/P1070342_02-942x1024.jpg\" alt=\"\" class=\"wp-image-209\" srcset=\"https:\/\/physio-fritsch.at\/wp-content\/uploads\/2023\/11\/P1070342_02-942x1024.jpg 942w, https:\/\/physio-fritsch.at\/wp-content\/uploads\/2023\/11\/P1070342_02-276x300.jpg 276w, https:\/\/physio-fritsch.at\/wp-content\/uploads\/2023\/11\/P1070342_02-768x835.jpg 768w, https:\/\/physio-fritsch.at\/wp-content\/uploads\/2023\/11\/P1070342_02-1413x1536.jpg 1413w, https:\/\/physio-fritsch.at\/wp-content\/uploads\/2023\/11\/P1070342_02-1884x2048.jpg 1884w, https:\/\/physio-fritsch.at\/wp-content\/uploads\/2023\/11\/P1070342_02-676x735.jpg 676w\" sizes=\"auto, (max-width: 942px) 100vw, 942px\" \/><\/figure>\n\n\n\n<figure class=\"wp-block-image size-full\"><img loading=\"lazy\" decoding=\"async\" width=\"800\" height=\"450\" data-id=\"187\" src=\"https:\/\/physio-fritsch.at\/wp-content\/uploads\/2022\/05\/Foto_Fritsch_2_052022.jpg\" alt=\"\" class=\"wp-image-187\" srcset=\"https:\/\/physio-fritsch.at\/wp-content\/uploads\/2022\/05\/Foto_Fritsch_2_052022.jpg 800w, https:\/\/physio-fritsch.at\/wp-content\/uploads\/2022\/05\/Foto_Fritsch_2_052022-300x169.jpg 300w, https:\/\/physio-fritsch.at\/wp-content\/uploads\/2022\/05\/Foto_Fritsch_2_052022-768x432.jpg 768w, https:\/\/physio-fritsch.at\/wp-content\/uploads\/2022\/05\/Foto_Fritsch_2_052022-676x380.jpg 676w\" sizes=\"auto, (max-width: 800px) 100vw, 800px\" \/><\/figure>\n\n\n\n<figure class=\"wp-block-image size-large\"><img loading=\"lazy\" decoding=\"async\" width=\"1024\" height=\"771\" data-id=\"103\" src=\"https:\/\/physio-fritsch.at\/wp-content\/uploads\/2022\/01\/tuere_breit-1024x771.jpg\" alt=\"\" class=\"wp-image-103\" srcset=\"https:\/\/physio-fritsch.at\/wp-content\/uploads\/2022\/01\/tuere_breit-1024x771.jpg 1024w, https:\/\/physio-fritsch.at\/wp-content\/uploads\/2022\/01\/tuere_breit-300x226.jpg 300w, https:\/\/physio-fritsch.at\/wp-content\/uploads\/2022\/01\/tuere_breit-768x578.jpg 768w, https:\/\/physio-fritsch.at\/wp-content\/uploads\/2022\/01\/tuere_breit-1536x1156.jpg 1536w, https:\/\/physio-fritsch.at\/wp-content\/uploads\/2022\/01\/tuere_breit-2048x1541.jpg 2048w, https:\/\/physio-fritsch.at\/wp-content\/uploads\/2022\/01\/tuere_breit-676x509.jpg 676w\" sizes=\"auto, (max-width: 1024px) 100vw, 1024px\" \/><\/figure>\n<\/figure>\n\n\n\n<p><\/p>\n","protected":false},"excerpt":{"rendered":"<p>Nichts ist so wichtig wie Ihre Gesundheit. Als ehemaliger Leistungssportler wei\u00df ich, wie wichtig ein gesunder K\u00f6rper ist. Gemeinsam mit Ihnen m\u00f6chte ich daran arbeiten, dass Sie wieder einen gesunden Zustand erreichen, diesen stabilisieren und so an Lebensvitalit\u00e4t und -qualit\u00e4t gewinnen. Sie f\u00fchlen sich k\u00f6rperlich nicht mehr fit? Sie haben unspezifische Schmerzen im R\u00fccken? W\u00e4rmepflaster [&hellip;]<\/p>\n","protected":false},"author":1,"featured_media":0,"parent":0,"menu_order":0,"comment_status":"closed","ping_status":"closed","template":"","meta":{"footnotes":""},"class_list":["post-11","page","type-page","status-publish","hentry","post-preview"],"_links":{"self":[{"href":"https:\/\/physio-fritsch.at\/index.php\/wp-json\/wp\/v2\/pages\/11","targetHints":{"allow":["GET"]}}],"collection":[{"href":"https:\/\/physio-fritsch.at\/index.php\/wp-json\/wp\/v2\/pages"}],"about":[{"href":"https:\/\/physio-fritsch.at\/index.php\/wp-json\/wp\/v2\/types\/page"}],"author":[{"embeddable":true,"href":"https:\/\/physio-fritsch.at\/index.php\/wp-json\/wp\/v2\/users\/1"}],"replies":[{"embeddable":true,"href":"https:\/\/physio-fritsch.at\/index.php\/wp-json\/wp\/v2\/comments?post=11"}],"version-history":[{"count":13,"href":"https:\/\/physio-fritsch.at\/index.php\/wp-json\/wp\/v2\/pages\/11\/revisions"}],"predecessor-version":[{"id":210,"href":"https:\/\/physio-fritsch.at\/index.php\/wp-json\/wp\/v2\/pages\/11\/revisions\/210"}],"wp:attachment":[{"href":"https:\/\/physio-fritsch.at\/index.php\/wp-json\/wp\/v2\/media?parent=11"}],"curies":[{"name":"wp","href":"https:\/\/api.w.org\/{rel}","templated":true}]}}